{"id":809,"date":"2023-06-06T11:34:10","date_gmt":"2023-06-06T09:34:10","guid":{"rendered":"https:\/\/sevresretouches.com\/?page_id=809"},"modified":"2023-06-17T11:16:55","modified_gmt":"2023-06-17T09:16:55","slug":"faq-les-questions-les-plus-frequent","status":"publish","type":"page","link":"https:\/\/sevresretouches.com\/index.php\/faq-les-questions-les-plus-frequent\/","title":{"rendered":"FAQ-LES QUESTIONS LES PLUS FREQUENTES"},"content":{"rendered":"<p>[et_pb_section fb_built=\u00a0\u00bb1&Prime; _builder_version=\u00a0\u00bb4.21.0&Prime; _module_preset=\u00a0\u00bbdefault\u00a0\u00bb global_colors_info=\u00a0\u00bb{}\u00a0\u00bb][et_pb_row _builder_version=\u00a0\u00bb4.21.0&Prime; _module_preset=\u00a0\u00bbdefault\u00a0\u00bb global_colors_info=\u00a0\u00bb{}\u00a0\u00bb][et_pb_column type=\u00a0\u00bb4_4&Prime; _builder_version=\u00a0\u00bb4.21.0&Prime; _module_preset=\u00a0\u00bbdefault\u00a0\u00bb global_colors_info=\u00a0\u00bb{}\u00a0\u00bb][et_pb_text _builder_version=\u00a0\u00bb4.21.0&Prime; _module_preset=\u00a0\u00bbdefault\u00a0\u00bb text_font=\u00a0\u00bbRoboto|700|||||||\u00a0\u00bb text_text_color=\u00a0\u00bb#000000&Prime; text_font_size=\u00a0\u00bb20px\u00a0\u00bb global_colors_info=\u00a0\u00bb{}\u00a0\u00bb]<\/p>\n<p>FAQ &#8211; LES QUESTIONS LES PLUS FREQUENTES<\/p>\n<p>[\/et_pb_text][\/et_pb_column][\/et_pb_row][et_pb_row _builder_version=\u00a0\u00bb4.21.0&Prime; _module_preset=\u00a0\u00bbdefault\u00a0\u00bb global_colors_info=\u00a0\u00bb{}\u00a0\u00bb][et_pb_column type=\u00a0\u00bb4_4&Prime; _builder_version=\u00a0\u00bb4.21.0&Prime; _module_preset=\u00a0\u00bbdefault\u00a0\u00bb global_colors_info=\u00a0\u00bb{}\u00a0\u00bb][et_pb_accordion open_toggle_text_color=\u00a0\u00bb#000000&Prime; icon_color=\u00a0\u00bb#000000&Prime; _builder_version=\u00a0\u00bb4.21.0&Prime; _module_preset=\u00a0\u00bbdefault\u00a0\u00bb toggle_text_color=\u00a0\u00bb#000000&Prime; toggle_font=\u00a0\u00bbRoboto||||||||\u00a0\u00bb toggle_font_size=\u00a0\u00bb20px\u00a0\u00bb body_font=\u00a0\u00bbRoboto|700|||||||\u00a0\u00bb body_text_color=\u00a0\u00bb#000000&Prime; body_font_size=\u00a0\u00bb18px\u00a0\u00bb hover_enabled=\u00a0\u00bb0&Prime; global_colors_info=\u00a0\u00bb{}\u00a0\u00bb sticky_enabled=\u00a0\u00bb0&Prime;][et_pb_accordion_item title=\u00a0\u00bbQu&rsquo;est-ce qu&rsquo;un magasin de retouches ?\u00a0\u00bb open=\u00a0\u00bbon\u00a0\u00bb _builder_version=\u00a0\u00bb4.21.0&Prime; _module_preset=\u00a0\u00bbdefault\u00a0\u00bb body_font=\u00a0\u00bbRoboto|300|||||||\u00a0\u00bb body_text_color=\u00a0\u00bb#000000&Prime; global_colors_info=\u00a0\u00bb{}\u00a0\u00bb]<\/p>\n<p><span>Un magasin de retouches est un \u00e9tablissement o\u00f9 vous pouvez faire ajuster ou modifier vos v\u00eatements pour les adapter \u00e0 votre taille ou \u00e0 vos pr\u00e9f\u00e9rences. Des services tels que la modification de la longueur des ourlets, la prise en taille, la r\u00e9paration des d\u00e9chirures, et bien d&rsquo;autres, peuvent \u00eatre effectu\u00e9s dans un magasin de retouches.<\/span><\/p>\n<p>[\/et_pb_accordion_item][et_pb_accordion_item title=\u00a0\u00bbPourquoi devrais-je utiliser un magasin de retouches ?\u00a0\u00bb _builder_version=\u00a0\u00bb4.21.0&Prime; _module_preset=\u00a0\u00bbdefault\u00a0\u00bb body_font=\u00a0\u00bbRoboto|300|||||||\u00a0\u00bb body_text_color=\u00a0\u00bb#000000&Prime; global_colors_info=\u00a0\u00bb{}\u00a0\u00bb open=\u00a0\u00bboff\u00a0\u00bb]<\/p>\n<p><span> Un magasin de retouches peut vous aider \u00e0 obtenir des v\u00eatements qui vous vont parfaitement. Plut\u00f4t que de jeter des v\u00eatements qui ne vous vont pas bien, les retouches vous permettent de les ajuster \u00e0 votre taille et \u00e0 votre morphologie. Cela vous permet d&rsquo;\u00e9conomiser de l&rsquo;argent en \u00e9vitant d&rsquo;acheter de nouveaux v\u00eatements et de prolonger la dur\u00e9e de vie de vos articles pr\u00e9f\u00e9r\u00e9s.<\/span><\/p>\n<p>[\/et_pb_accordion_item][et_pb_accordion_item title=\u00a0\u00bbComment trouver un bon magasin de retouches ?\u00a0\u00bb _builder_version=\u00a0\u00bb4.21.0&Prime; _module_preset=\u00a0\u00bbdefault\u00a0\u00bb body_font=\u00a0\u00bbRoboto|300|||||||\u00a0\u00bb body_text_color=\u00a0\u00bb#000000&Prime; global_colors_info=\u00a0\u00bb{}\u00a0\u00bb open=\u00a0\u00bboff\u00a0\u00bb]<\/p>\n<p><span>Pour trouver un bon magasin de retouches, vous pouvez demander des recommandations \u00e0 vos amis, votre famille ou vos coll\u00e8gues. Vous pouvez \u00e9galement effectuer des recherches en ligne pour lire les avis et les t\u00e9moignages d&rsquo;autres clients. Assurez-vous de choisir un magasin de retouches r\u00e9put\u00e9, exp\u00e9riment\u00e9 et offrant un service de qualit\u00e9.<\/span><\/p>\n<p>[\/et_pb_accordion_item][et_pb_accordion_item title=\u00a0\u00bbQuels sont les types de retouches les plus courantes ?\u00a0\u00bb _builder_version=\u00a0\u00bb4.21.0&Prime; _module_preset=\u00a0\u00bbdefault\u00a0\u00bb body_font=\u00a0\u00bbRoboto|300|||||||\u00a0\u00bb body_text_color=\u00a0\u00bb#000000&Prime; global_colors_info=\u00a0\u00bb{}\u00a0\u00bb open=\u00a0\u00bboff\u00a0\u00bb]<\/p>\n<p><span>Les types de retouches les plus courantes comprennent l&rsquo;ajustement de la longueur des ourlets de pantalons ou de robes, la prise en taille des v\u00eatements trop larges, la modification de la longueur des manches, la r\u00e9paration des d\u00e9chirures et des boutons cass\u00e9s, et la r\u00e9duction ou l&rsquo;\u00e9largissement des v\u00eatements pour un ajustement parfait.<\/span><\/p>\n<p>[\/et_pb_accordion_item][et_pb_accordion_item title=\u00a0\u00bbCombien de temps faut-il pour effectuer des retouches ?\u00a0\u00bb _builder_version=\u00a0\u00bb4.21.0&Prime; _module_preset=\u00a0\u00bbdefault\u00a0\u00bb body_font=\u00a0\u00bbRoboto|300|||||||\u00a0\u00bb body_text_color=\u00a0\u00bb#000000&Prime; global_colors_info=\u00a0\u00bb{}\u00a0\u00bb open=\u00a0\u00bboff\u00a0\u00bb]<\/p>\n<p><span>La dur\u00e9e n\u00e9cessaire pour effectuer des retouches d\u00e9pend de la complexit\u00e9 de la modification et de la charge de travail du magasin de retouches. En g\u00e9n\u00e9ral, des retouches simples peuvent \u00eatre effectu\u00e9es en quelques jours, tandis que des modifications plus complexes peuvent prendre plus de temps. Il est pr\u00e9f\u00e9rable de demander une estimation de d\u00e9lai au magasin de retouches au moment de d\u00e9poser vos v\u00eatements<\/span><\/p>\n<p>[\/et_pb_accordion_item][et_pb_accordion_item title=\u00a0\u00bbCombien co\u00fbtent g\u00e9n\u00e9ralement les retouches ?\u00a0\u00bb _builder_version=\u00a0\u00bb4.21.0&Prime; _module_preset=\u00a0\u00bbdefault\u00a0\u00bb global_colors_info=\u00a0\u00bb{}\u00a0\u00bb open=\u00a0\u00bboff\u00a0\u00bb body_font=\u00a0\u00bbRoboto|300|||||||\u00a0\u00bb body_text_color=\u00a0\u00bb#000000&Prime;]<\/p>\n<p><span>Les co\u00fbts des retouches varient en fonction du type de modification n\u00e9cessaire et de la r\u00e9gion o\u00f9 vous vous trouvez. Des retouches simples peuvent \u00eatre assez abordables, tandis que des modifications plus complexes peuvent co\u00fbter plus cher. Il est pr\u00e9f\u00e9rable de demander un devis au magasin de retouches avant de confier vos v\u00eatements pour avoir une id\u00e9e pr\u00e9cise des co\u00fbts associ\u00e9s.<\/span><\/p>\n<p>[\/et_pb_accordion_item][et_pb_accordion_item title=\u00a0\u00bbLes retouches peuvent-elles \u00eatre effectu\u00e9es sur tous les types de v\u00eatements ?\u00a0\u00bb _builder_version=\u00a0\u00bb4.21.0&Prime; _module_preset=\u00a0\u00bbdefault\u00a0\u00bb body_font=\u00a0\u00bbRoboto|300|||||||\u00a0\u00bb body_text_color=\u00a0\u00bb#000000&Prime; global_colors_info=\u00a0\u00bb{}\u00a0\u00bb open=\u00a0\u00bboff\u00a0\u00bb]<\/p>\n<p><span>En g\u00e9n\u00e9ral, les retouches peuvent \u00eatre effectu\u00e9es sur la plupart des types de v\u00eatements, y compris les pantalons, les robes, les chemises, les jupes, les vestes et les manteaux. Cependant, certaines mati\u00e8res tr\u00e8s d\u00e9licates ou techniques peuvent n\u00e9cessiter des comp\u00e9tences sp\u00e9cifiques. Il est recommand\u00e9 de consulter le magasin de retouches pour obtenir des informations sur les types de v\u00eatements qu&rsquo;ils sont en mesure de modifier.<\/span><\/p>\n<p>[\/et_pb_accordion_item][\/et_pb_accordion][\/et_pb_column][\/et_pb_row][\/et_pb_section]<\/p>\n","protected":false},"excerpt":{"rendered":"<p>FAQ &#8211; LES QUESTIONS LES PLUS FREQUENTESUn magasin de retouches est un \u00e9tablissement o\u00f9 vous pouvez faire ajuster ou modifier vos v\u00eatements pour les adapter \u00e0 votre taille ou \u00e0 vos pr\u00e9f\u00e9rences. Des services tels que la modification de la longueur des ourlets, la prise en taille, la r\u00e9paration des d\u00e9chirures, et bien d&rsquo;autres, peuvent \u00eatre effectu\u00e9s dans un magasin de retouches. Un magasin de retouches peut vous aider \u00e0 obtenir des v\u00eatements qui vous vont parfaitement. Plut\u00f4t que de jeter des v\u00eatements qui ne vous vont pas bien, les retouches vous permettent de les ajuster \u00e0 votre taille et \u00e0 votre morphologie. Cela vous permet d&rsquo;\u00e9conomiser de l&rsquo;argent en \u00e9vitant d&rsquo;acheter de nouveaux v\u00eatements et de prolonger la dur\u00e9e de vie de vos articles pr\u00e9f\u00e9r\u00e9s.Pour trouver un bon magasin de retouches, vous pouvez demander des recommandations \u00e0 vos amis, votre famille ou vos coll\u00e8gues. Vous pouvez \u00e9galement effectuer des recherches en ligne pour lire les avis et les t\u00e9moignages d&rsquo;autres clients. Assurez-vous de choisir un magasin de retouches r\u00e9put\u00e9, exp\u00e9riment\u00e9 et offrant un service de qualit\u00e9.Les types de retouches les plus courantes comprennent l&rsquo;ajustement de la longueur des ourlets de pantalons ou de robes, la prise en taille des [&hellip;]<\/p>\n","protected":false},"author":1,"featured_media":0,"parent":0,"menu_order":0,"comment_status":"closed","ping_status":"closed","template":"","meta":{"_et_pb_use_builder":"on","_et_pb_old_content":"","_et_gb_content_width":"","footnotes":""},"class_list":["post-809","page","type-page","status-publish","hentry"],"aioseo_notices":[],"_links":{"self":[{"href":"https:\/\/sevresretouches.com\/index.php\/wp-json\/wp\/v2\/pages\/809","targetHints":{"allow":["GET"]}}],"collection":[{"href":"https:\/\/sevresretouches.com\/index.php\/wp-json\/wp\/v2\/pages"}],"about":[{"href":"https:\/\/sevresretouches.com\/index.php\/wp-json\/wp\/v2\/types\/page"}],"author":[{"embeddable":true,"href":"https:\/\/sevresretouches.com\/index.php\/wp-json\/wp\/v2\/users\/1"}],"replies":[{"embeddable":true,"href":"https:\/\/sevresretouches.com\/index.php\/wp-json\/wp\/v2\/comments?post=809"}],"version-history":[{"count":7,"href":"https:\/\/sevresretouches.com\/index.php\/wp-json\/wp\/v2\/pages\/809\/revisions"}],"predecessor-version":[{"id":966,"href":"https:\/\/sevresretouches.com\/index.php\/wp-json\/wp\/v2\/pages\/809\/revisions\/966"}],"wp:attachment":[{"href":"https:\/\/sevresretouches.com\/index.php\/wp-json\/wp\/v2\/media?parent=809"}],"curies":[{"name":"wp","href":"https:\/\/api.w.org\/{rel}","templated":true}]}}